{"id":665,"date":"2018-04-18T12:38:15","date_gmt":"2018-04-18T16:38:15","guid":{"rendered":"http:\/\/www.asysco.cl\/?page_id=665"},"modified":"2019-04-29T13:46:57","modified_gmt":"2019-04-29T17:46:57","slug":"quienes-somos","status":"publish","type":"page","link":"https:\/\/www.asysco.cl\/","title":{"rendered":"Qui\u00e9nes Somos"},"content":{"rendered":"<p>Tener un \u00e1rea de Administraci\u00f3n y Finanzas en una empresa es indispensable para el adecuado manejo de la informaci\u00f3n,&nbsp; ya que esta es la fuente de los informes que permiten visualizar la tendencia de las distintas \u00e1reas y en general del resultado global del periodo que se observa. En efecto, este ideal resulta oneroso y adem\u00e1s obliga a la empresa a contraer obligaciones laborales, previsionales&nbsp;que distraen la atenci\u00f3n de los due\u00f1os rest\u00e1ndole un tiempo valioso el cual deber\u00eda ser usado en los negocios con el consiguiente beneficio para la gesti\u00f3n empresarial.<\/p>\n<p>En la actualidad no solamente debe conformar el cumplimiento de las normas tributarias y previsionales, sino que resulta indispensable que el conjunto de las actividades internas de una empresa funcionen en forma arm\u00f3nica logrando el equilibrio adecuado entre la producci\u00f3n, la gesti\u00f3n de ventas, la administraci\u00f3n, las finanzas, y la contabilidad, basado en las nuevas tecnolog\u00edas inform\u00e1ticas y de procedimientos.<\/p>\n<p>Orientado a ofrecer un servicio integral para vuestra Empresa es que me permito poner a vuestra disposici\u00f3n una asesor\u00eda personalizada para&nbsp; implementar&nbsp; todas las variables necesarias con el objetivo de que la informaci\u00f3n por las \u00e1reas de administraci\u00f3n y finanzas y soporte tecnol\u00f3gico sean una herramienta v\u00e1lida y oportuna para la toma de decisiones y no un desgaste en el descifrado de la informaci\u00f3n.<\/p>\n<p>Es as\u00ed como en el a\u00f1o 2008 un grupo de profesionales de diferentes disciplinas del \u00e1rea de administraci\u00f3n, Finanzas e inform\u00e1tica encabezado por Ra\u00fal Molina se unieron para enfrentar el desaf\u00edo de otorgar un servicio de excelencia a los actores econ\u00f3micos otorgando un apoyo real en la obtenci\u00f3n de sus objetivos.<\/p>\n","protected":false},"excerpt":{"rendered":"<p class=\"qua-blog-post-description\">Tener un \u00e1rea de Administraci\u00f3n y Finanzas en una empresa es indispensable para el adecuado manejo de la informaci\u00f3n,&nbsp; ya que esta es la fuente de los informes que permiten visualizar la tendencia de las distintas \u00e1reas y en general del resultado global del periodo que se observa. En efecto, este ideal resulta oneroso y<\/p>\n<p class=\"qua-blog-post-description\"><a href=\"https:\/\/www.asysco.cl\/#more-665\" class=\"more-link\">Leer m\u00e1s<\/a><\/p>\n","protected":false},"author":1,"featured_media":0,"parent":0,"menu_order":0,"comment_status":"closed","ping_status":"closed","template":"","meta":{"footnotes":""},"class_list":["post-665","page","type-page","status-publish","hentry"],"_links":{"self":[{"href":"https:\/\/www.asysco.cl\/index.php?rest_route=\/wp\/v2\/pages\/665","targetHints":{"allow":["GET"]}}],"collection":[{"href":"https:\/\/www.asysco.cl\/index.php?rest_route=\/wp\/v2\/pages"}],"about":[{"href":"https:\/\/www.asysco.cl\/index.php?rest_route=\/wp\/v2\/types\/page"}],"author":[{"embeddable":true,"href":"https:\/\/www.asysco.cl\/index.php?rest_route=\/wp\/v2\/users\/1"}],"replies":[{"embeddable":true,"href":"https:\/\/www.asysco.cl\/index.php?rest_route=%2Fwp%2Fv2%2Fcomments&post=665"}],"version-history":[{"count":5,"href":"https:\/\/www.asysco.cl\/index.php?rest_route=\/wp\/v2\/pages\/665\/revisions"}],"predecessor-version":[{"id":770,"href":"https:\/\/www.asysco.cl\/index.php?rest_route=\/wp\/v2\/pages\/665\/revisions\/770"}],"wp:attachment":[{"href":"https:\/\/www.asysco.cl\/index.php?rest_route=%2Fwp%2Fv2%2Fmedia&parent=665"}],"curies":[{"name":"wp","href":"https:\/\/api.w.org\/{rel}","templated":true}]}}