{"id":673,"date":"2018-04-18T12:45:59","date_gmt":"2018-04-18T16:45:59","guid":{"rendered":"http:\/\/www.asysco.cl\/?page_id=673"},"modified":"2019-04-29T13:37:01","modified_gmt":"2019-04-29T17:37:01","slug":"asesoria-laboral","status":"publish","type":"page","link":"https:\/\/www.asysco.cl\/?page_id=673","title":{"rendered":"Asesor\u00eda Laboral"},"content":{"rendered":"<ol>\n<li>Recursos Humanos<\/li>\n<li>Asesor\u00eda en Legislaci\u00f3n Laboral<\/li>\n<li>Estudio de la Situaci\u00f3n Contractual con los Trabajadores y Observaciones<\/li>\n<li>C\u00e1lculo Mensual de las Remuneraciones e imposiciones<\/li>\n<li>Contrato de Trabajos y Finiquitos&nbsp;&nbsp;&nbsp;&nbsp;&nbsp;<strong>&nbsp;&nbsp;&nbsp;&nbsp;&nbsp;&nbsp;&nbsp; <\/strong><\/li>\n<\/ol>\n","protected":false},"excerpt":{"rendered":"<p class=\"qua-blog-post-description\">Recursos Humanos Asesor\u00eda en Legislaci\u00f3n Laboral Estudio de la Situaci\u00f3n Contractual con los Trabajadores y Observaciones C\u00e1lculo Mensual de las Remuneraciones e imposiciones Contrato de Trabajos y Finiquitos&nbsp;&nbsp;&nbsp;&nbsp;&nbsp;&nbsp;&nbsp;&nbsp;&nbsp;&nbsp;&nbsp;&nbsp;<\/p>\n","protected":false},"author":1,"featured_media":699,"parent":0,"menu_order":0,"comment_status":"closed","ping_status":"closed","template":"","meta":{"footnotes":""},"class_list":["post-673","page","type-page","status-publish","has-post-thumbnail","hentry"],"_links":{"self":[{"href":"https:\/\/www.asysco.cl\/index.php?rest_route=\/wp\/v2\/pages\/673","targetHints":{"allow":["GET"]}}],"collection":[{"href":"https:\/\/www.asysco.cl\/index.php?rest_route=\/wp\/v2\/pages"}],"about":[{"href":"https:\/\/www.asysco.cl\/index.php?rest_route=\/wp\/v2\/types\/page"}],"author":[{"embeddable":true,"href":"https:\/\/www.asysco.cl\/index.php?rest_route=\/wp\/v2\/users\/1"}],"replies":[{"embeddable":true,"href":"https:\/\/www.asysco.cl\/index.php?rest_route=%2Fwp%2Fv2%2Fcomments&post=673"}],"version-history":[{"count":3,"href":"https:\/\/www.asysco.cl\/index.php?rest_route=\/wp\/v2\/pages\/673\/revisions"}],"predecessor-version":[{"id":764,"href":"https:\/\/www.asysco.cl\/index.php?rest_route=\/wp\/v2\/pages\/673\/revisions\/764"}],"wp:featuredmedia":[{"embeddable":true,"href":"https:\/\/www.asysco.cl\/index.php?rest_route=\/wp\/v2\/media\/699"}],"wp:attachment":[{"href":"https:\/\/www.asysco.cl\/index.php?rest_route=%2Fwp%2Fv2%2Fmedia&parent=673"}],"curies":[{"name":"wp","href":"https:\/\/api.w.org\/{rel}","templated":true}]}}