{"id":676,"date":"2018-04-18T12:47:14","date_gmt":"2018-04-18T16:47:14","guid":{"rendered":"http:\/\/www.asysco.cl\/?page_id=676"},"modified":"2018-04-18T13:36:03","modified_gmt":"2018-04-18T17:36:03","slug":"asesorias-contables","status":"publish","type":"page","link":"https:\/\/www.asysco.cl\/?page_id=676","title":{"rendered":"Asesor\u00edas Contables"},"content":{"rendered":"<ol>\n<li>Registro y Control de los Libros Contables Legales<\/li>\n<li>Facturaci\u00f3n Electr\u00f3nica y sistemas Digitales<\/li>\n<li>Tenedur\u00eda de libros y documentaci\u00f3n soportante<\/li>\n<li>Asesor\u00eda Inicial en la implementaci\u00f3n de las nuevas normas Contables IFRS<\/li>\n<\/ol>\n","protected":false},"excerpt":{"rendered":"<p class=\"qua-blog-post-description\">Registro y Control de los Libros Contables Legales Facturaci\u00f3n Electr\u00f3nica y sistemas Digitales Tenedur\u00eda de libros y documentaci\u00f3n soportante Asesor\u00eda Inicial en la implementaci\u00f3n de las nuevas normas Contables IFRS<\/p>\n","protected":false},"author":1,"featured_media":701,"parent":0,"menu_order":0,"comment_status":"closed","ping_status":"closed","template":"","meta":{"footnotes":""},"class_list":["post-676","page","type-page","status-publish","has-post-thumbnail","hentry"],"_links":{"self":[{"href":"https:\/\/www.asysco.cl\/index.php?rest_route=\/wp\/v2\/pages\/676","targetHints":{"allow":["GET"]}}],"collection":[{"href":"https:\/\/www.asysco.cl\/index.php?rest_route=\/wp\/v2\/pages"}],"about":[{"href":"https:\/\/www.asysco.cl\/index.php?rest_route=\/wp\/v2\/types\/page"}],"author":[{"embeddable":true,"href":"https:\/\/www.asysco.cl\/index.php?rest_route=\/wp\/v2\/users\/1"}],"replies":[{"embeddable":true,"href":"https:\/\/www.asysco.cl\/index.php?rest_route=%2Fwp%2Fv2%2Fcomments&post=676"}],"version-history":[{"count":2,"href":"https:\/\/www.asysco.cl\/index.php?rest_route=\/wp\/v2\/pages\/676\/revisions"}],"predecessor-version":[{"id":712,"href":"https:\/\/www.asysco.cl\/index.php?rest_route=\/wp\/v2\/pages\/676\/revisions\/712"}],"wp:featuredmedia":[{"embeddable":true,"href":"https:\/\/www.asysco.cl\/index.php?rest_route=\/wp\/v2\/media\/701"}],"wp:attachment":[{"href":"https:\/\/www.asysco.cl\/index.php?rest_route=%2Fwp%2Fv2%2Fmedia&parent=676"}],"curies":[{"name":"wp","href":"https:\/\/api.w.org\/{rel}","templated":true}]}}