{"id":679,"date":"2018-04-18T12:47:56","date_gmt":"2018-04-18T16:47:56","guid":{"rendered":"http:\/\/www.asysco.cl\/?page_id=679"},"modified":"2018-04-18T13:38:54","modified_gmt":"2018-04-18T17:38:54","slug":"asesorias-tributarias","status":"publish","type":"page","link":"https:\/\/www.asysco.cl\/?page_id=679","title":{"rendered":"Asesor\u00edas Tributarias"},"content":{"rendered":"<ol>\n<li>An\u00e1lisis del Escenario Tributario de la Empresa y estado actual<\/li>\n<li>Planificaci\u00f3n Tributaria y Asesor\u00eda de la misma<\/li>\n<li>Tramitaciones Tributarias si fuere el caso<\/li>\n<li>Simulaci\u00f3n de Renta Anual<\/li>\n<li>Declaraci\u00f3n y An\u00e1lisis Mensual del IVA<\/li>\n<li>Declaraci\u00f3n Anual de Renta y Registros de la Reforma<\/li>\n<li>Asesor\u00eda permanente en el aspecto tributario.<\/li>\n<li>Creaci\u00f3n, planificaci\u00f3n, y constituci\u00f3n de Nuevas empresas (Honorarios Adicionales)<\/li>\n<\/ol>\n","protected":false},"excerpt":{"rendered":"<p class=\"qua-blog-post-description\">An\u00e1lisis del Escenario Tributario de la Empresa y estado actual Planificaci\u00f3n Tributaria y Asesor\u00eda de la misma Tramitaciones Tributarias si fuere el caso Simulaci\u00f3n de Renta Anual Declaraci\u00f3n y An\u00e1lisis Mensual del IVA Declaraci\u00f3n Anual de Renta y Registros de la Reforma Asesor\u00eda permanente en el aspecto tributario. Creaci\u00f3n, planificaci\u00f3n, y constituci\u00f3n de Nuevas empresas<\/p>\n<p class=\"qua-blog-post-description\"><a href=\"https:\/\/www.asysco.cl\/?page_id=679#more-679\" class=\"more-link\">Leer m\u00e1s<\/a><\/p>\n","protected":false},"author":1,"featured_media":704,"parent":0,"menu_order":0,"comment_status":"closed","ping_status":"closed","template":"","meta":{"footnotes":""},"class_list":["post-679","page","type-page","status-publish","has-post-thumbnail","hentry"],"_links":{"self":[{"href":"https:\/\/www.asysco.cl\/index.php?rest_route=\/wp\/v2\/pages\/679","targetHints":{"allow":["GET"]}}],"collection":[{"href":"https:\/\/www.asysco.cl\/index.php?rest_route=\/wp\/v2\/pages"}],"about":[{"href":"https:\/\/www.asysco.cl\/index.php?rest_route=\/wp\/v2\/types\/page"}],"author":[{"embeddable":true,"href":"https:\/\/www.asysco.cl\/index.php?rest_route=\/wp\/v2\/users\/1"}],"replies":[{"embeddable":true,"href":"https:\/\/www.asysco.cl\/index.php?rest_route=%2Fwp%2Fv2%2Fcomments&post=679"}],"version-history":[{"count":2,"href":"https:\/\/www.asysco.cl\/index.php?rest_route=\/wp\/v2\/pages\/679\/revisions"}],"predecessor-version":[{"id":715,"href":"https:\/\/www.asysco.cl\/index.php?rest_route=\/wp\/v2\/pages\/679\/revisions\/715"}],"wp:featuredmedia":[{"embeddable":true,"href":"https:\/\/www.asysco.cl\/index.php?rest_route=\/wp\/v2\/media\/704"}],"wp:attachment":[{"href":"https:\/\/www.asysco.cl\/index.php?rest_route=%2Fwp%2Fv2%2Fmedia&parent=679"}],"curies":[{"name":"wp","href":"https:\/\/api.w.org\/{rel}","templated":true}]}}