{"id":682,"date":"2018-04-18T12:48:32","date_gmt":"2018-04-18T16:48:32","guid":{"rendered":"http:\/\/www.asysco.cl\/?page_id=682"},"modified":"2018-11-14T13:08:23","modified_gmt":"2018-11-14T17:08:23","slug":"asesorias-financieras","status":"publish","type":"page","link":"https:\/\/www.asysco.cl\/?page_id=682","title":{"rendered":"Asesor\u00edas Financieras"},"content":{"rendered":"<ol>\n<li>Auditoria y Control en el manejo de Flujos<\/li>\n<li>Control y emisi\u00f3n de egresos mensuales<\/li>\n<li>Control de Ingresos y su sustento<\/li>\n<li>Conciliaci\u00f3n Bancaria<\/li>\n<li>Reporte de Ingresos y egresos<\/li>\n<li>Revisi\u00f3n peri\u00f3dica de los registros contables y su normativa.<\/li>\n<li>Asesor\u00eda en la implementaci\u00f3n de nuevas metodolog\u00edas\u00a0 contables y sus normativas como as\u00ed mismo tecnolog\u00edas de informaci\u00f3n<\/li>\n<li>Evaluaci\u00f3n de Proyectos<\/li>\n<\/ol>\n","protected":false},"excerpt":{"rendered":"<p class=\"qua-blog-post-description\">Auditoria y Control en el manejo de Flujos Control y emisi\u00f3n de egresos mensuales Control de Ingresos y su sustento Conciliaci\u00f3n Bancaria Reporte de Ingresos y egresos Revisi\u00f3n peri\u00f3dica de los registros contables y su normativa. Asesor\u00eda en la implementaci\u00f3n de nuevas metodolog\u00edas\u00a0 contables y sus normativas como as\u00ed mismo tecnolog\u00edas de informaci\u00f3n Evaluaci\u00f3n de<\/p>\n<p class=\"qua-blog-post-description\"><a href=\"https:\/\/www.asysco.cl\/?page_id=682#more-682\" class=\"more-link\">Leer m\u00e1s<\/a><\/p>\n","protected":false},"author":1,"featured_media":702,"parent":0,"menu_order":0,"comment_status":"closed","ping_status":"closed","template":"","meta":{"footnotes":""},"class_list":["post-682","page","type-page","status-publish","has-post-thumbnail","hentry"],"_links":{"self":[{"href":"https:\/\/www.asysco.cl\/index.php?rest_route=\/wp\/v2\/pages\/682","targetHints":{"allow":["GET"]}}],"collection":[{"href":"https:\/\/www.asysco.cl\/index.php?rest_route=\/wp\/v2\/pages"}],"about":[{"href":"https:\/\/www.asysco.cl\/index.php?rest_route=\/wp\/v2\/types\/page"}],"author":[{"embeddable":true,"href":"https:\/\/www.asysco.cl\/index.php?rest_route=\/wp\/v2\/users\/1"}],"replies":[{"embeddable":true,"href":"https:\/\/www.asysco.cl\/index.php?rest_route=%2Fwp%2Fv2%2Fcomments&post=682"}],"version-history":[{"count":4,"href":"https:\/\/www.asysco.cl\/index.php?rest_route=\/wp\/v2\/pages\/682\/revisions"}],"predecessor-version":[{"id":757,"href":"https:\/\/www.asysco.cl\/index.php?rest_route=\/wp\/v2\/pages\/682\/revisions\/757"}],"wp:featuredmedia":[{"embeddable":true,"href":"https:\/\/www.asysco.cl\/index.php?rest_route=\/wp\/v2\/media\/702"}],"wp:attachment":[{"href":"https:\/\/www.asysco.cl\/index.php?rest_route=%2Fwp%2Fv2%2Fmedia&parent=682"}],"curies":[{"name":"wp","href":"https:\/\/api.w.org\/{rel}","templated":true}]}}