{"id":685,"date":"2018-04-18T12:49:25","date_gmt":"2018-04-18T16:49:25","guid":{"rendered":"http:\/\/www.asysco.cl\/?page_id=685"},"modified":"2018-04-18T13:35:11","modified_gmt":"2018-04-18T17:35:11","slug":"asesoria-sistemas-de-informacion","status":"publish","type":"page","link":"https:\/\/www.asysco.cl\/?page_id=685","title":{"rendered":"Asesor\u00eda Sistemas de Informaci\u00f3n"},"content":{"rendered":"<ol>\n<li>Desarrollo de Sistemas Informaci\u00f3n<\/li>\n<li>Implementaci\u00f3n de Sistemas ERP<\/li>\n<li>Proyectos inform\u00e1ticos Opensources<\/li>\n<li>Auditoria de Sistemas<\/li>\n<\/ol>\n","protected":false},"excerpt":{"rendered":"<p class=\"qua-blog-post-description\">Desarrollo de Sistemas Informaci\u00f3n Implementaci\u00f3n de Sistemas ERP Proyectos inform\u00e1ticos Opensources Auditoria de Sistemas<\/p>\n","protected":false},"author":1,"featured_media":703,"parent":0,"menu_order":0,"comment_status":"closed","ping_status":"closed","template":"","meta":{"footnotes":""},"class_list":["post-685","page","type-page","status-publish","has-post-thumbnail","hentry"],"_links":{"self":[{"href":"https:\/\/www.asysco.cl\/index.php?rest_route=\/wp\/v2\/pages\/685","targetHints":{"allow":["GET"]}}],"collection":[{"href":"https:\/\/www.asysco.cl\/index.php?rest_route=\/wp\/v2\/pages"}],"about":[{"href":"https:\/\/www.asysco.cl\/index.php?rest_route=\/wp\/v2\/types\/page"}],"author":[{"embeddable":true,"href":"https:\/\/www.asysco.cl\/index.php?rest_route=\/wp\/v2\/users\/1"}],"replies":[{"embeddable":true,"href":"https:\/\/www.asysco.cl\/index.php?rest_route=%2Fwp%2Fv2%2Fcomments&post=685"}],"version-history":[{"count":3,"href":"https:\/\/www.asysco.cl\/index.php?rest_route=\/wp\/v2\/pages\/685\/revisions"}],"predecessor-version":[{"id":711,"href":"https:\/\/www.asysco.cl\/index.php?rest_route=\/wp\/v2\/pages\/685\/revisions\/711"}],"wp:featuredmedia":[{"embeddable":true,"href":"https:\/\/www.asysco.cl\/index.php?rest_route=\/wp\/v2\/media\/703"}],"wp:attachment":[{"href":"https:\/\/www.asysco.cl\/index.php?rest_route=%2Fwp%2Fv2%2Fmedia&parent=685"}],"curies":[{"name":"wp","href":"https:\/\/api.w.org\/{rel}","templated":true}]}}