{"id":743,"date":"2018-11-02T18:19:55","date_gmt":"2018-11-02T22:19:55","guid":{"rendered":"http:\/\/www.asysco.cl\/?page_id=743"},"modified":"2018-11-02T18:24:32","modified_gmt":"2018-11-02T22:24:32","slug":"gestion-y-cobranza-de-bonos-medicos","status":"publish","type":"page","link":"https:\/\/www.asysco.cl\/?page_id=743","title":{"rendered":"Gesti\u00f3n y Cobranza de Bonos M\u00e9dicos"},"content":{"rendered":"<p>Cobranza y gesti\u00f3n de Bonos M\u00e9dicos, independiente de las instituciones de Salud, gesti\u00f3n para la resoluci\u00f3n\u00a0 de cualquier reparo en los documentos a cobro, transferencia directa de las recaudaciones, emisi\u00f3n de los documentos tributarios<\/p>\n","protected":false},"excerpt":{"rendered":"<p class=\"qua-blog-post-description\">Cobranza y gesti\u00f3n de Bonos M\u00e9dicos, independiente de las instituciones de Salud, gesti\u00f3n para la resoluci\u00f3n\u00a0 de cualquier reparo en los documentos a cobro, transferencia directa de las recaudaciones, emisi\u00f3n de los documentos tributarios<\/p>\n","protected":false},"author":1,"featured_media":702,"parent":0,"menu_order":0,"comment_status":"closed","ping_status":"closed","template":"","meta":{"footnotes":""},"class_list":["post-743","page","type-page","status-publish","has-post-thumbnail","hentry"],"_links":{"self":[{"href":"https:\/\/www.asysco.cl\/index.php?rest_route=\/wp\/v2\/pages\/743","targetHints":{"allow":["GET"]}}],"collection":[{"href":"https:\/\/www.asysco.cl\/index.php?rest_route=\/wp\/v2\/pages"}],"about":[{"href":"https:\/\/www.asysco.cl\/index.php?rest_route=\/wp\/v2\/types\/page"}],"author":[{"embeddable":true,"href":"https:\/\/www.asysco.cl\/index.php?rest_route=\/wp\/v2\/users\/1"}],"replies":[{"embeddable":true,"href":"https:\/\/www.asysco.cl\/index.php?rest_route=%2Fwp%2Fv2%2Fcomments&post=743"}],"version-history":[{"count":3,"href":"https:\/\/www.asysco.cl\/index.php?rest_route=\/wp\/v2\/pages\/743\/revisions"}],"predecessor-version":[{"id":748,"href":"https:\/\/www.asysco.cl\/index.php?rest_route=\/wp\/v2\/pages\/743\/revisions\/748"}],"wp:featuredmedia":[{"embeddable":true,"href":"https:\/\/www.asysco.cl\/index.php?rest_route=\/wp\/v2\/media\/702"}],"wp:attachment":[{"href":"https:\/\/www.asysco.cl\/index.php?rest_route=%2Fwp%2Fv2%2Fmedia&parent=743"}],"curies":[{"name":"wp","href":"https:\/\/api.w.org\/{rel}","templated":true}]}}